{"id":296,"date":"2022-10-02T01:27:53","date_gmt":"2022-10-01T21:27:53","guid":{"rendered":"https:\/\/socialresearchjournal.az\/?page_id=296"},"modified":"2022-11-28T14:52:44","modified_gmt":"2022-11-28T10:52:44","slug":"redaksiya-surasi","status":"publish","type":"page","link":"https:\/\/socialresearchjournal.az\/index.php\/redaksiya-surasi\/","title":{"rendered":"Redaksiya \u015euras\u0131"},"content":{"rendered":"<p style=\"text-align: justify;\"><strong>BA\u015e REDAKTOR<\/strong><\/p>\n<p style=\"text-align: justify;\"><strong>Zahid ORUC<\/strong><\/p>\n<p style=\"text-align: justify;\"><em> <img loading=\"lazy\" decoding=\"async\" class=\"alignnone wp-image-369\" src=\"https:\/\/socialresearchjournal.az\/wp-content\/uploads\/2022\/10\/1655456215_zahid-300x200.jpg\" alt=\"\" width=\"392\" height=\"261\" srcset=\"https:\/\/socialresearchjournal.az\/wp-content\/uploads\/2022\/10\/1655456215_zahid-300x200.jpg 300w, https:\/\/socialresearchjournal.az\/wp-content\/uploads\/2022\/10\/1655456215_zahid.jpg 734w\" sizes=\"auto, (max-width: 392px) 100vw, 392px\" \/><\/em><\/p>\n<p style=\"text-align: justify;\"><strong>Sosial T\u0259dqiqatlar M\u0259rk\u0259zi \u0130dar\u0259 Hey\u0259tinin s\u0259dri, <\/strong><\/p>\n<p style=\"text-align: justify;\"><strong>Az\u0259rbaycan Respublikas\u0131 Milli M\u0259clisinin \u0130nsan h\u00fcquqlar\u0131 komit\u0259sinin s\u0259dri, <\/strong><\/p>\n<p style=\"text-align: justify;\"><strong>Az\u0259rbaycan Respublikas\u0131n\u0131n Prezidenti yan\u0131nda \u018ffv m\u0259s\u0259l\u0259l\u0259ri komissiyas\u0131n\u0131n \u00fczv\u00fcd\u00fcr.<\/strong><\/p>\n<p style=\"text-align: justify;\">Az\u0259rbaycan Texniki Universitetini bitirmi\u015fdir. Universitetin 10 n\u0259f\u0259r \u0259la\u00e7\u0131 t\u0259l\u0259b\u0259 komit\u0259sinin \u00fczvl\u0259rind\u0259n biri v\u0259 bu ali t\u0259hsil oca\u011f\u0131n\u0131n Elmi \u015euras\u0131n\u0131n 5 il \u00fczv\u00fc olmu\u015fdur.<\/p>\n<p style=\"text-align: justify;\">Az\u0259rbaycan Milli Elml\u0259r Akademiyas\u0131n\u0131n Fotoelektronika \u0130nstitutunun aspiranturas\u0131nda t\u0259hsil alm\u0131\u015f, Akademiyan\u0131n Fizika \u0130nstitutunda elmi i\u015f\u00e7i kimi \u00e7al\u0131\u015fm\u0131\u015fd\u0131r.<\/p>\n<p style=\"text-align: justify;\">1990-c\u0131 ild\u0259n ba\u015flayaraq Az\u0259rbaycanda geni\u015fl\u0259n\u0259n xalq h\u0259r\u0259kat\u0131 v\u0259 milli azadl\u0131q m\u00fcbariz\u0259sin\u0259 yax\u0131ndan qo\u015fularaq aktiv t\u0259l\u0259b\u0259 t\u0259\u015fkilatlar\u0131n\u0131n r\u0259hb\u0259rl\u0259rind\u0259n biri kimi tan\u0131nm\u0131\u015fd\u0131r.<\/p>\n<p style=\"text-align: justify;\">1992-ci ild\u0259 f\u0259al siyasi h\u0259yat\u0131n\u0131 davam etdir\u0259r\u0259k \u201cAna V\u0259t\u0259n\u201d Partiyas\u0131n\u0131n m\u0259tbuat xidm\u0259tinin r\u0259hb\u0259ri, siyasi m\u0259s\u0259l\u0259l\u0259r \u00fczr\u0259 m\u00fcavini se\u00e7ilmi\u015fdir.<\/p>\n<p style=\"text-align: justify;\">II, III, IV v\u0259 V \u00e7a\u011f\u0131r\u0131\u015f Az\u0259rbaycan Respublikas\u0131n\u0131n Milli M\u0259clisinin deputat\u0131 se\u00e7ilmi\u015fdir.<\/p>\n<p style=\"text-align: justify;\">Almaniya Federativ Respublikas\u0131, B\u00f6y\u00fck Britaniya, Danimarka, \u00d6zb\u0259kistan parlamentl\u0259ri il\u0259 \u0259laq\u0259l\u0259r \u00fczr\u0259 i\u015f\u00e7i qruplar\u0131n\u0131n \u00fczv\u00fcd\u00fcr.<\/p>\n<p style=\"text-align: justify;\">Parlamentl\u0259raras\u0131 \u0130ttifaqda Az\u0259rbaycan n\u00fcmay\u0259nd\u0259 hey\u0259tinin \u00fczv\u00fcd\u00fcr.<\/p>\n<p style=\"text-align: justify;\">15 il davaml\u0131 olaraq &#8220;Parlament Jurnalistl\u0259r Birliyi&#8221;nin v\u0259 Az\u0259rbaycan Respublikas\u0131n\u0131n Milli M\u0259clisinin \u0259n aktiv 10 mill\u0259t v\u0259kilind\u0259n biri kimi media qurumlar\u0131n\u0131n v\u0259 ictimai t\u0259\u015fkilatlar\u0131n m\u00fckafatlar\u0131na layiq g\u00f6r\u00fclm\u00fc\u015fd\u00fcr.<\/p>\n<p style=\"text-align: justify;\">10 il m\u00fcdd\u0259tind\u0259 Az\u0259rbaycan Respublikas\u0131n\u0131n Milli M\u0259clisi-NATO Parlament Assambleyas\u0131 \u00fczr\u0259 \u0259laq\u0259l\u0259r qrupunun \u00fczv\u00fc kimi m\u00fcxt\u0259lif beyn\u0259lxalq konfranslar\u0131n i\u015find\u0259 yax\u0131ndan i\u015ftirak etmi\u015fdir.<\/p>\n<p style=\"text-align: justify;\">2013-c\u00fc v\u0259 2018-ci ill\u0259rd\u0259 \u00a0ke\u00e7iril\u0259n prezident se\u00e7kil\u0259rind\u0259 m\u00fcst\u0259qil namiz\u0259d kimi i\u015ftirak etmi\u015fdir.<\/p>\n<p style=\"text-align: justify;\">D\u00f6vri m\u0259tbuatda geosiyas\u0259t\u0259, regional v\u0259 beyn\u0259lxalq siyas\u0259t\u0259 dair, o c\u00fcml\u0259d\u0259n Az\u0259rbaycan\u0131n d\u00f6vl\u0259t v\u0259 ictimai h\u0259yat\u0131 il\u0259 ba\u011fl\u0131 ard\u0131c\u0131l m\u0259qal\u0259l\u0259rl\u0259 \u00e7\u0131x\u0131\u015f edir.<\/p>\n<p style=\"text-align: justify;\">Beyn\u0259lxalq Mar\u015fall M\u0259rk\u0259zind\u0259, NATO-nun &#8220;S\u00fclh Namin\u0259 T\u0259r\u0259fda\u015fl\u0131q\u201d proqram\u0131 \u00e7\u0259r\u00e7iv\u0259sind\u0259 h\u0259yata ke\u00e7iril\u0259n layih\u0259l\u0259rin f\u0259al t\u0259r\u0259fda\u015f\u0131 kimi m\u00fcxt\u0259lif sertifikatlar v\u0259 dig\u0259r m\u00fckafatlar alm\u0131\u015fd\u0131r.<\/p>\n<p style=\"text-align: justify;\">Az\u0259rbaycan Respublikas\u0131 Prezidentinin 11 fevral 2019-cu il tarixli s\u0259r\u0259ncam\u0131 il\u0259 Sosial T\u0259dqiqatlar M\u0259rk\u0259zi \u0130dar\u0259 Hey\u0259tinin s\u0259dri t\u0259yin edilmi\u015fdir. R\u0259hb\u0259rlik etdiyi M\u0259rk\u0259z Az\u0259rbaycan Respublikas\u0131nda sosial t\u0259dqiqat, t\u0259hlil v\u0259 proqnozla\u015fd\u0131rma i\u015fi il\u0259, habel\u0259 ictimai r\u0259yin \u00f6yr\u0259nilm\u0259si il\u0259 ba\u011fl\u0131 siyas\u0259tin formala\u015fd\u0131r\u0131lmas\u0131nda v\u0259 h\u0259yata ke\u00e7irilm\u0259sind\u0259 yax\u0131ndan i\u015ftirak edir, sosial m\u00fcnasib\u0259tl\u0259rin dinamikas\u0131n\u0131 t\u0259hlil edir, bu sah\u0259d\u0259 m\u00f6vcud tendensiyalar\u0131 m\u00fc\u0259yy\u0259nl\u0259\u015fdirir v\u0259 m\u00fcxt\u0259lif sosioloji, siyasi, iqtisadi v\u0259 m\u0259d\u0259ni probleml\u0259r\u0259 dair ara\u015fd\u0131rmalar apar\u0131r. M\u0259rk\u0259z m\u00fct\u0259madi olaraq h\u0259yata ke\u00e7irdiyi sor\u011fular\u0131n n\u0259tic\u0259l\u0259rini d\u0259rc edir v\u0259 m\u00fc\u0259yy\u0259n konfidensial t\u0259dqiqatlar\u0131 aidiyy\u0259ti d\u00f6vl\u0259t orqanlar\u0131na t\u0259qdim edir.<\/p>\n<p style=\"text-align: justify;\"><em>\u00a0<\/em><\/p>\n<p style=\"text-align: justify;\"><strong>BA\u015e REDAKTORUN M\u00dcAV\u0130N\u0130<\/strong><\/p>\n<p style=\"text-align: justify;\"><strong>Tahir\u0259 ALLAHYAROVA<\/strong><\/p>\n<p style=\"text-align: justify;\"><em> <img loading=\"lazy\" decoding=\"async\" class=\"alignnone wp-image-368\" src=\"https:\/\/socialresearchjournal.az\/wp-content\/uploads\/2022\/10\/1634559770.1626503002.TAHIRA-ALLAHYAROVA-253x300.jpg\" alt=\"\" width=\"289\" height=\"343\" srcset=\"https:\/\/socialresearchjournal.az\/wp-content\/uploads\/2022\/10\/1634559770.1626503002.TAHIRA-ALLAHYAROVA-253x300.jpg 253w, https:\/\/socialresearchjournal.az\/wp-content\/uploads\/2022\/10\/1634559770.1626503002.TAHIRA-ALLAHYAROVA.jpg 540w\" sizes=\"auto, (max-width: 289px) 100vw, 289px\" \/><\/em><\/p>\n<p style=\"text-align: justify;\"><strong>Sosial T\u0259dqiqatlar M\u0259rk\u0259zi \u0130dar\u0259 Hey\u0259tinin \u00fczv\u00fc,<\/strong><\/p>\n<p><strong>Daxili siyas\u0259tin t\u0259hlili departamentinin r\u0259hb\u0259ri (2019-cu ilin aprel ay\u0131ndan),<\/strong><\/p>\n<p><strong><em>f\u0259ls\u0259f\u0259 elml\u0259ri doktoru, professordur.<\/em><\/strong><\/p>\n<p style=\"text-align: justify;\">Bak\u0131 D\u00f6vl\u0259t Universitetini (BDU) bitirmi\u015fdir.<\/p>\n<p style=\"text-align: justify;\">Elmi f\u0259aliyy\u0259tin\u0259 Az\u0259rbaycan Milli Elml\u0259r Akademiyas\u0131n\u0131n (AMEA) F\u0259ls\u0259f\u0259 v\u0259 Sosiologiya \u0130nstitutunda ba\u015flam\u0131\u015f, apar\u0131c\u0131 v\u0259 ba\u015f elmi i\u015f\u00e7i v\u0259zif\u0259l\u0259rind\u0259 \u00e7al\u0131\u015fm\u0131\u015fd\u0131r.<\/p>\n<p style=\"text-align: justify;\">1993-c\u00fc ild\u0259 AMEA-da \u201cEkoloji m\u0259d\u0259niyy\u0259t v\u0259 ictimai t\u0259r\u0259qqi\u201d m\u00f6vzusunda namiz\u0259dlik, 2007-ci ild\u0259 is\u0259 BDU-d\u0259 \u201cSosial sinergetika c\u0259miyy\u0259t haqq\u0131nda elml\u0259rin yeni metodoloji \u0259sas\u0131 kimi\u201d m\u00f6vzusunda doktorluq dissertasiyas\u0131n\u0131 m\u00fcdafi\u0259 edib, elml\u0259r doktoru alimlik d\u0259r\u0259c\u0259sini alm\u0131\u015fd\u0131r.<\/p>\n<p style=\"text-align: justify;\">Ali Attestasiya Komissiyas\u0131n\u0131n q\u0259rar\u0131 il\u0259 2007-\u0441i ild\u0259 \u201cSosial f\u0259ls\u0259f\u0259\u201d \u00fczr\u0259 dosent, 2018-ci ild\u0259 is\u0259, AR M\u00fcdafi\u0259 Nazirliyinin Silahl\u0131 Q\u00fcvv\u0259l\u0259rin H\u0259rbi Akademiyas\u0131 t\u0259r\u0259find\u0259n t\u0259qdim edilm\u0259kl\u0259 \u201cMilli t\u0259hl\u00fck\u0259sizlik v\u0259 humanitar elml\u0259r\u201d ixtisas\u0131 \u00fczr\u0259 professor elmi ad\u0131na layiq g\u00f6r\u00fclm\u00fc\u015fd\u00fcr.<\/p>\n<p style=\"text-align: justify;\">2009-2019-cu ill\u0259rd\u0259 Az\u0259rbaycan Respublikas\u0131n\u0131n Prezidenti yan\u0131nda Strateji Ara\u015fd\u0131rmalar M\u0259rk\u0259zind\u0259 \u015f\u00f6b\u0259 m\u00fcdiri v\u0259zif\u0259sind\u0259 \u00e7al\u0131\u015fm\u0131\u015fd\u0131r.<\/p>\n<p style=\"text-align: justify;\">2010-2019 c\u00fc ill\u0259r aras\u0131nda \u00e7ap olunan &#8220;Strateji t\u0259hlil&#8221; r\u00fcbl\u00fck elmi-analitik jurnal\u0131n\u0131n ba\u015f redaktoru olmu\u015fdur.<\/p>\n<p style=\"text-align: justify;\">Professor T.Allahyarova pedaqoji f\u0259aliyy\u0259tl\u0259 m\u0259\u015f\u011ful olmu\u015f, BDU-da \u201c\u0130dar\u0259etm\u0259nin sosiologiyas\u0131\u201d(1999-2014) kurslar\u0131n\u0131, 2014-2019-cu ill\u0259rd\u0259 AR M\u00fcdafi\u0259 Nazirliyinin Silahl\u0131 Q\u00fcvv\u0259l\u0259rin H\u0259rbi Akademiyas\u0131nda &#8220;Strateji idar\u0259etm\u0259&#8221; v\u0259 &#8220;D\u00f6vl\u0259t idar\u0259\u00e7iliyi&#8221; kurslar\u0131n\u0131 t\u0259dris etmi\u015fdir. Haz\u0131rda Silahl\u0131 Q\u00fcvv\u0259l\u0259rin H\u0259rbi Akademiyas\u0131nda Dissertasiya M\u00fcdafi\u0259 \u015euras\u0131n\u0131n h\u0259ms\u0259dridir.<\/p>\n<p style=\"text-align: justify;\">AR Prezidenti yan\u0131nda Ali Attestasiya Komissiyas\u0131n\u0131n, Elmin \u0130nki\u015faf Fondunun eksperti, AMEA-n\u0131n F\u0259ls\u0259f\u0259, politologiya v\u0259 sosiologiya elml\u0259ri \u00fczr\u0259 Koordinasiya \u015euras\u0131n\u0131n \u00fczv\u00fc, T\u0259hsil Nazirliyi yan\u0131nda \u201cHumanitar v\u0259 sosial ixtisaslar\u201d \u00fczr\u0259 yeni kurrikulumla ba\u011fl\u0131 i\u015f\u00e7i qrupun \u00fczv\u00fc kimi \u00e7al\u0131\u015f\u0131r.<\/p>\n<p style=\"text-align: justify;\">D\u00fcnyan\u0131n m\u00fcxt\u0259lif \u00f6lk\u0259l\u0259rind\u0259 ke\u00e7irilmi\u015f beyn\u0259lxalq konfrans, seminar v\u0259 t\u0259liml\u0259rd\u0259 i\u015ftirak etmi\u015fdir. Sosial elml\u0259rin yeni metodologiyas\u0131, Az\u0259rbaycanda siyasi sistemin transformasiyas\u0131, siyasi liderlik fenomeni, c\u0259miyy\u0259td\u0259 ictimai-siyasi prosesl\u0259rin t\u0259dqiqi m\u0259s\u0259l\u0259l\u0259rini \u0259hat\u0259 ed\u0259n, \u00f6lk\u0259d\u0259 v\u0259 xaricd\u0259 \u00e7ap edilmi\u015f 200-d\u0259n \u00e7ox elmi m\u0259qal\u0259nin, o c\u00fcml\u0259d\u0259n, 16 monoqrafik kitab\u0131n (T.Allahyarova, Nadine Schouwey and Simon Zurich. The Shared Values of Multiculturalism and Secularism in Azerbaijan and Switzerland. Editors: Lydia Amberg and Daniel Warner.-76 p. Geneva and Baku (2015.) \u201cAz\u0259rbaycanda siyasi partiyalar\u201d(2010); \u201cAz\u0259rbaycanda siyasi transformasiyalar\u201d(2015); \u201cD\u00f6vl\u0259t idar\u0259\u00e7iliynin strateji \u0259saslari (2016)\u201d; &#8220;Ekoloji m\u0259d\u0259niyy\u0259t v\u0259 ictimai t\u0259r\u0259qqi\u201d (2004); \u201cAz\u0259rbaycanda ara\u015fd\u0131rma v\u0259 beyin m\u0259rk\u0259zl\u0259ri\u201d(2013); \u201cXXI \u0259srd\u0259 xarici siyas\u0259t v\u0259 E-Diplomatiya Az\u0259rbaycan d\u00f6vl\u0259tinin xidm\u0259tind\u0259\u201d; Az\u0259rbaycan\u0131n diplomatiya tarixi. D\u0259rslik (2016); &#8220;F\u0259ls\u0259f\u0259, ictimai elm v\u0259 metodologiya. V\u0259hd\u0259t f\u0259ls\u0259f\u0259si metodoloji ideal kimi (metodoloji propedevtika)&#8221; (2004); &#8220;Sinergetika-I. T\u0259bi\u0259tin v\u0259hd\u0259td\u0259 \u00f6z\u00fcn\u00fct\u0259\u015fkili. Sinergetik ontologiya&#8221;(2005); \u201cQlobal miqrasiya b\u00f6hran\u0131: beyn\u0259lxalq m\u00fcnasib\u0259tl\u0259r v\u0259 Q\u0259rb siyas\u0259ti yeni tarixi d\u00f6n\u00fc\u015f \u0259r\u0259f\u0259sind\u0259\u201d (2018); \u201cParlament se\u00e7kil\u0259ri-2015: m\u00f6vqel\u0259r v\u0259 r\u0259yl\u0259r&#8221; (h\u0259mm\u00fc\u0259llif); \u201cMuslim communities in Europe: The Case of France And Germany\u201d (2015) v\u0259 s.) m\u00fc\u0259llifidir.<\/p>\n<p style=\"text-align: justify;\">&#8220;Sosial t\u0259dqiqatlar&#8221; beyn\u0259lxalq elmi-analitik jurnal\u0131n h\u0259mt\u0259sis\u00e7isi v\u0259 Beyn\u0259lxalq Redaksiya Hey\u0259tinin s\u0259dr m\u00fcavinidir.<\/p>\n<p style=\"text-align: justify;\">Elmi r\u0259hb\u0259rliyi alt\u0131nda 4 f\u0259ls\u0259f\u0259 doktoru v\u0259 1 elml\u0259r doktoru yeti\u015fdirilmi\u015fdir.<\/p>\n<p style=\"text-align: justify;\">Prezident \u0130lham \u018fliyevin s\u0259r\u0259ncam\u0131na \u0259sas\u0259n Az\u0259rbaycan\u0131n ictimai v\u0259 siyasi h\u0259yat\u0131nda s\u0259m\u0259r\u0259li f\u0259aliyy\u0259tin\u0259 g\u00f6r\u0259 2017-ci ild\u0259 &#8220;T\u0259r\u0259qqi&#8221; medal\u0131 v\u0259 2019-cu ild\u0259 &#8220;Az\u0259rbaycan Xalq C\u00fcmhuriyy\u0259tinin 100 illiyi (1918-2018)&#8221; yubiley medal\u0131 il\u0259 t\u0259ltif edilmi\u015fdir.<\/p>\n<p style=\"text-align: justify;\"><em>\u00a0<\/em><\/p>\n<p style=\"text-align: justify;\"><em>\u00a0<\/em><strong>M\u018fSUL KAT\u0130B<\/strong><\/p>\n<p style=\"text-align: justify;\"><strong>\u00a0<\/strong><strong>Aq\u015fin M\u018fMM\u018fDOV<\/strong><\/p>\n<p style=\"text-align: justify;\"><img loading=\"lazy\" decoding=\"async\" class=\"alignnone wp-image-370\" src=\"https:\/\/socialresearchjournal.az\/wp-content\/uploads\/2022\/10\/17351_8fnd3rokjt-209x300.jpg\" alt=\"\" width=\"302\" height=\"433\" srcset=\"https:\/\/socialresearchjournal.az\/wp-content\/uploads\/2022\/10\/17351_8fnd3rokjt-209x300.jpg 209w, https:\/\/socialresearchjournal.az\/wp-content\/uploads\/2022\/10\/17351_8fnd3rokjt.jpg 488w\" sizes=\"auto, (max-width: 302px) 100vw, 302px\" \/><\/p>\n<p style=\"text-align: justify;\"><strong>Sosial T\u0259dqiqatlar M\u0259rk\u0259zinin sektor m\u00fcdiri, filologiya \u00fczr\u0259 f\u0259ls\u0259f\u0259 doktorudur.<\/strong><\/p>\n<p style=\"text-align: justify;\">Bak\u0131 D\u00f6vl\u0259t Universitetinin filologiya fak\u00fclt\u0259sini\u00a0 bakalavr,\u00a0 magistratura pill\u0259l\u0259rini f\u0259rql\u0259nm\u0259 diplomu il\u0259 bitirmi\u015fdir.<\/p>\n<p style=\"text-align: justify;\">2000-2003-c\u00fc ill\u0259rd\u0259 Az\u0259rbaycan Milli Elml\u0259r Akademiyas\u0131 (AMEA) N\u0259simi ad\u0131na Dil\u00e7ilik \u0130nstitutunun aspiranturas\u0131nda t\u0259hsil alm\u0131\u015fd\u0131r.<\/p>\n<p style=\"text-align: justify;\">AMEA R\u0259yas\u0259t Hey\u0259ti M\u0259rk\u0259zi Aparat\u0131n\u0131n Analitik informasiya \u015f\u00f6b\u0259sind\u0259 apar\u0131c\u0131 m\u00fct\u0259x\u0259ssis (2001-2007), Elmi informasiya \u015f\u00f6b\u0259sind\u0259 r\u0259is m\u00fcavini, \u201cElm\u201d q\u0259zetinin v\u0259 \u201cAz\u0259rbaycan v\u0259 az\u0259rbaycanl\u0131lar\u201d beyn\u0259lxalq elmi jurnal\u0131n\u0131n ba\u015f redaktorunun m\u00fcavini (2007-2013), AMEA N\u0259simi ad\u0131na Dil\u00e7ilik \u0130nstitutunun\u00a0 apar\u0131c\u0131 elmi i\u015f\u00e7is, Az\u0259rbaycan Respublikas\u0131n\u0131n Prezidenti yan\u0131nda Strateji Ara\u015fd\u0131rmalar M\u0259rk\u0259zinin (SAM) apar\u0131c\u0131 elmi i\u015f\u00e7isi (2013-2019) v\u0259zif\u0259l\u0259rind\u0259\u00a0 \u00e7al\u0131\u015fm\u0131\u015fd\u0131r. SAM-\u0131n 2010-2019 c\u00fc ill\u0259r aras\u0131nda \u00e7ap olunan &#8220;Strateji t\u0259hlil&#8221; elmi-analitik jurnal\u0131n\u0131n redaktoru olmu\u015fdur.<\/p>\n<p style=\"text-align: justify;\">2019-cu ild\u0259n Sosial T\u0259dqiqatlar M\u0259rk\u0259zind\u0259 \u00e7al\u0131\u015f\u0131r. &#8220;Sosial t\u0259dqiqatlar&#8221; beyn\u0259lxalq elmi-analitik jurnal\u0131n\u0131n burax\u0131l\u0131\u015fa m\u0259sul katibidir.<\/p>\n<p style=\"text-align: justify;\">2 kitab\u0131n, 40-dan \u00e7ox elmi, 100-dan \u00e7ox elmi-publisistik m\u0259qal\u0259nin m\u00fc\u0259llifi, 90-dan \u00e7ox elmi n\u0259\u015frin redaktorudur.<\/p>\n<p style=\"text-align: justify;\"><em>\u00a0<\/em><\/p>\n<p style=\"text-align: justify;\"><em>\u00a0<\/em><\/p>\n","protected":false},"excerpt":{"rendered":"<p>BA\u015e REDAKTOR Zahid ORUC Sosial T\u0259dqiqatlar M\u0259rk\u0259zi \u0130dar\u0259 Hey\u0259tinin s\u0259dri, Az\u0259rbaycan Respublikas\u0131 Milli M\u0259clisinin \u0130nsan h\u00fcquqlar\u0131 komit\u0259sinin s\u0259dri, Az\u0259rbaycan Respublikas\u0131n\u0131n Prezidenti yan\u0131nda \u018ffv m\u0259s\u0259l\u0259l\u0259ri komissiyas\u0131n\u0131n \u00fczv\u00fcd\u00fcr. Az\u0259rbaycan Texniki Universitetini bitirmi\u015fdir. Universitetin 10 n\u0259f\u0259r \u0259la\u00e7\u0131 t\u0259l\u0259b\u0259 komit\u0259sinin \u00fczvl\u0259rind\u0259n biri v\u0259 bu ali t\u0259hsil oca\u011f\u0131n\u0131n Elmi \u015euras\u0131n\u0131n 5 il \u00fczv\u00fc olmu\u015fdur. Az\u0259rbaycan Milli Elml\u0259r Akademiyas\u0131n\u0131n Fotoelektronika \u0130nstitutunun [&hellip;]<\/p>\n","protected":false},"author":1,"featured_media":0,"parent":0,"menu_order":0,"comment_status":"closed","ping_status":"closed","template":"","meta":{"footnotes":""},"class_list":["post-296","page","type-page","status-publish","hentry"],"_links":{"self":[{"href":"https:\/\/socialresearchjournal.az\/index.php\/wp-json\/wp\/v2\/pages\/296","targetHints":{"allow":["GET"]}}],"collection":[{"href":"https:\/\/socialresearchjournal.az\/index.php\/wp-json\/wp\/v2\/pages"}],"about":[{"href":"https:\/\/socialresearchjournal.az\/index.php\/wp-json\/wp\/v2\/types\/page"}],"author":[{"embeddable":true,"href":"https:\/\/socialresearchjournal.az\/index.php\/wp-json\/wp\/v2\/users\/1"}],"replies":[{"embeddable":true,"href":"https:\/\/socialresearchjournal.az\/index.php\/wp-json\/wp\/v2\/comments?post=296"}],"version-history":[{"count":8,"href":"https:\/\/socialresearchjournal.az\/index.php\/wp-json\/wp\/v2\/pages\/296\/revisions"}],"predecessor-version":[{"id":719,"href":"https:\/\/socialresearchjournal.az\/index.php\/wp-json\/wp\/v2\/pages\/296\/revisions\/719"}],"wp:attachment":[{"href":"https:\/\/socialresearchjournal.az\/index.php\/wp-json\/wp\/v2\/media?parent=296"}],"curies":[{"name":"wp","href":"https:\/\/api.w.org\/{rel}","templated":true}]}}