{"id":302,"date":"2022-10-02T01:30:08","date_gmt":"2022-10-01T21:30:08","guid":{"rendered":"https:\/\/socialresearchjournal.az\/?page_id=302"},"modified":"2022-10-13T13:22:29","modified_gmt":"2022-10-13T09:22:29","slug":"beynelxalqredaksiya","status":"publish","type":"page","link":"https:\/\/socialresearchjournal.az\/index.php\/beynelxalqredaksiya\/","title":{"rendered":"Beyn\u0259lxalq Redaksiya Hey\u0259ti"},"content":{"rendered":"<p><strong>BEYN\u018fLXALQ REDAKS\u0130YA HEY\u018fT\u0130<\/strong><\/p>\n<p><strong>Zahid Oruc<\/strong><br \/>\nSTM \u0130dar\u0259 Hey\u0259tinin s\u0259dri\u00a0 (Az\u0259rbaycan)<\/p>\n<p><strong>Mustafa \u015e\u0259ntop<\/strong><br \/>\nT\u00fcrkiy\u0259 B\u00f6y\u00fck Mill\u0259t M\u0259clisinin s\u0259dri,<br \/>\niqtisad elml\u0259ri doktoru, professor (T\u00fcrkiy\u0259)<\/p>\n<p><strong>Rafiq \u018fliyev<\/strong><br \/>\nAMEA-n\u0131n m\u00fcxbir \u00fczv\u00fc, Az\u0259rbaycan D\u00f6vl\u0259t Neft v\u0259<br \/>\nS\u0259naye Universitetin\u0131n proqram direktoru, &#8220;Zad\u0259 irsi v\u0259 s\u00fcni intellekt&#8221;<br \/>\nAssosiasiyas\u0131n\u0131n prezidenti (Az\u0259rbaycan)<\/p>\n<p><strong>Urxan \u018fl\u0259kb\u0259rov<\/strong><br \/>\nAMEA-n\u0131n akademiki (Az\u0259rbaycan)<\/p>\n<p><strong>A\u011famal\u0131 M\u0259mm\u0259dov<\/strong><br \/>\nsosiologiya elml\u0259ri doktoru, professor, M.V. Lomonosov ad\u0131na Moskva D\u00f6vl\u0259t<br \/>\nUniversiteti Kommunikativ sisteml\u0259rin sosiologiyas\u0131 kafedras\u0131n\u0131n m\u00fcdiri (Rusiya)<\/p>\n<p><strong>Nigina \u015eermuhamedova<\/strong><br \/>\nf\u0259ls\u0259f\u0259 elml\u0259ri doktoru, \u00d6zb\u0259kistan Milli Universitetinin professoru (\u00d6zb\u0259kistan)<\/p>\n<p><strong>Mehmet Dursun<\/strong><br \/>\nBeyn\u0259lxalq Balkan Universitetinin rektoru, professor (T\u00fcrkiy\u0259)<\/p>\n<p><strong>Tahir\u0259 Allahyarova<\/strong><br \/>\nf\u0259ls\u0259f\u0259 elml\u0259ri doktoru, professor, STM \u0130dar\u0259 Hey\u0259tinin \u00fczv\u00fc (Az\u0259rbaycan)<\/p>\n<p><strong>Darxan Kad\u0131ral\u0131<\/strong><br \/>\nBeyn\u0259lxalq T\u00fcrk Akademiyas\u0131n\u0131n prezidenti (Qazaxstan)<\/p>\n<p><strong>\u018fdal\u0259t Muradov<\/strong><br \/>\niqtisad elml\u0259ri doktoru, professor, Az\u0259rbaycan D\u00f6vl\u0259t<br \/>\n\u0130qtisad Universitetinin rektoru (Az\u0259rbaycan)<\/p>\n<p><strong>Atilla Arkan<\/strong><br \/>\nT\u0259hsil v\u0259 Sosial Siyas\u0259t Ara\u015fd\u0131rmalar\u0131<br \/>\nM\u0259rk\u0259zinin direktoru (T\u00fcrkiy\u0259)<\/p>\n<p><strong>\u0130lham M\u0259mm\u0259dzad\u0259<\/strong><br \/>\nf\u0259ls\u0259f\u0259 elml\u0259ri doktoru, professor, AMEA<br \/>\nF\u0259ls\u0259f\u0259 v\u0259 Sosiologiya \u0130nstitutunun<br \/>\ndirektoru (Az\u0259rbaycan)<\/p>\n<p><strong>R\u0259fail H\u0259s\u0259nov<\/strong><br \/>\nsosiologiya elml\u0259ri doktoru, professor, Bak\u0131 D\u00f6vl\u0259t Universitetinin<br \/>\nSosiologiya kafedras\u0131n\u0131n m\u00fcdiri (Az\u0259rbaycan)<\/p>\n<p><strong>Zhang \u015euhu<\/strong><br \/>\n\u00c7in Sosial Elml\u0259r Akademiyas\u0131n\u0131n (\u00c7SEA-CASS) Siyasi Elml\u0259r \u0130nstitutunun<br \/>\ndirektoru, \u00c7in Xalq Siyasi M\u0259\u015fv\u0259r\u0259t Konfrans\u0131n\u0131n \u00fczv\u00fc, professor<br \/>\n(\u00c7in Xalq Respublikas\u0131)<\/p>\n<p><strong>Zaleha Kamarudin<\/strong><br \/>\nprofessor, Malayziya Beyn\u0259lxalq \u0130slam<br \/>\nUniversitetinin prorektoru (Malayziya)<\/p>\n<p><strong>\u018fb\u00fclf\u0259z S\u00fcleymanov<\/strong><br \/>\nsosiologiya elml\u0259ri doktoru, professor, \u00dcsk\u00fcdar Universiteti<br \/>\nSosiologiya kafedras\u0131n\u0131n m\u00fcdiri (T\u00fcrkiy\u0259)<\/p>\n<p><strong>\u018fli H\u00fcseynli<\/strong><br \/>\nh\u00fcquq \u00fczr\u0259 f\u0259ls\u0259f\u0259 doktoru (Az\u0259rbaycan)<\/p>\n<p><strong>Musa Qas\u0131ml\u0131<\/strong><br \/>\nAMEA-n\u0131n m\u00fcxbir \u00fczv\u00fc, tarix elml\u0259ri<br \/>\ndoktoru, professor (Az\u0259rbaycan)<\/p>\n<p><strong>H\u00fcseyn Qara\u015fov<\/strong><br \/>\nsosiologiya elml\u0259ri doktoru, Az\u0259rbaycan \u018fm\u0259k v\u0259 Sosial M\u00fcnasib\u0259tl\u0259r<br \/>\nAkademiyas\u0131n\u0131n rektoru (Az\u0259rbaycan)<\/p>\n<p><strong>Hikm\u0259t \u018flizad\u0259<\/strong><br \/>\npedaqoji elml\u0259r doktoru, professor, Bak\u0131 D\u00f6vl\u0259t Universitetinin<br \/>\nSosial elml\u0259r v\u0259 psixologiya fak\u00fclt\u0259sinin dekan\u0131 (Az\u0259rbaycan)<\/p>\n<p><strong>S\u0259m\u0259d Seyidov<\/strong><br \/>\npsixologiya elml\u0259ri doktoru, professor (Az\u0259rbaycan)<\/p>\n<p><strong>Lyudmila Laxtionova<\/strong><br \/>\nMilli Aviasiya Universitetinin T\u0259hsilin \u0130nki\u015faf\u0131 \u00fczr\u0259 T\u0259dris v\u0259<br \/>\nElm \u0130nstitutunun direktor m\u00fcavini, iqtisad \u00fczr\u0259 f\u0259ls\u0259f\u0259 doktoru,<br \/>\ndosent (Ukrayna)<\/p>\n<p><strong>Vilay\u0259t V\u0259liyev<\/strong><br \/>\niqtisad elml\u0259ri doktoru, professor, Az\u0259rbaycan Texniki<br \/>\nUniversitetinin rektoru (Az\u0259rbaycan)<\/p>\n<p><strong>El\u015fad Mirb\u0259\u015firo\u011flu<\/strong><br \/>\nsiyasi elml\u0259r doktoru, STM \u0130dar\u0259 Hey\u0259tinin \u00fczv\u00fc (Az\u0259rbaycan)<\/p>\n<p><strong>Nazim \u0130manov<br \/>\n<\/strong>iqtisad elml\u0259ri doktoru, professor (Az\u0259rbaycan)<\/p>\n<p><strong>Q\u0131z\u0131lg\u00fcl Abbasova<\/strong><br \/>\nf\u0259ls\u0259f\u0259 elml\u0259ri doktoru, professor (Az\u0259rbaycan)<\/p>\n<p><strong>Dilbadi Qas\u0131mov<\/strong><br \/>\nh\u00fcquq elml\u0259ri doktoru, Strasburq Universiteti (Fransa)<\/p>\n<p><strong>Mayis \u018fliyev<\/strong><br \/>\nh\u00fcquq elml\u0259ri doktoru, Bak\u0131 D\u00f6vl\u0259t<br \/>\nUniversitetinin professoru (Az\u0259rbaycan)<\/p>\n<p><strong>Natalya Sosnovskaya<\/strong><br \/>\nBelarus Elml\u0259r Akademiyas\u0131n\u0131n Sosiologiya \u0130nstitutunun<br \/>\nelmi katibi, sosiologiya \u00fczr\u0259 f\u0259ls\u0259f\u0259 doktoru (Belarus)<\/p>\n<p><strong>Yadviqa Yaskevi\u00e7<\/strong><br \/>\nf\u0259ls\u0259f\u0259 elml\u0259ri doktoru, professor, Belarus D\u00f6vl\u0259t Universitetinin<br \/>\nSosial Kommunikasiya Departamenti (Belarus)<\/p>\n<p><strong>Rozmari Morevedc<\/strong><br \/>\nf\u0259ls\u0259f\u0259 doktoru, Binghamton Universiteti Elmi M\u00fcbadil\u0259 Proqramlar\u0131n\u0131n<br \/>\ndirektoru, Nyu-York (AB\u015e)<\/p>\n<p><strong>Y\u0131ld\u0131z Karag\u00f6z Yeke<\/strong><br \/>\nsiyas\u0259tin f\u0259ls\u0259f\u0259si \u00fczr\u0259 elml\u0259r doktoru, professor, \u0130zmir, Katib \u00c7\u0259l\u0259bi<br \/>\nUniversiteti, Sosial v\u0259 b\u0259\u015f\u0259ri elml\u0259r fak\u00fclt\u0259si (T\u00fcrkiy\u0259)<\/p>\n<p><strong>Ariz G\u00f6z\u0259lov<\/strong><br \/>\nf\u0259ls\u0259f\u0259 doktoru, Rusiya Elml\u0259r Akademiyas\u0131n\u0131n Federal Elmi-T\u0259dqiqat<br \/>\nSosioloji M\u0259rk\u0259zinin apar\u0131c\u0131 elmi i\u015f\u00e7isi, Rusiya EA F\u0259ls\u0259f\u0259 C\u0259miyy\u0259tinin<br \/>\n&#8220;M\u0259d\u0259niyy\u0259tl\u0259rin dialoqu: f\u0259ls\u0259f\u0259 v\u0259 d\u00fcnyag\u00f6r\u00fc\u015f probleml\u0259ri&#8221; t\u0259dqiqat<br \/>\nqrupunun r\u0259hb\u0259ri (Rusiya)<\/p>\n<p><strong>T\u00fcnzal\u0259 Verdiyeva<\/strong><br \/>\nAz\u0259rbaycan Universitetinin Sosial i\u015fin t\u0259\u015fkili kafedras\u0131n\u0131n m\u00fcdiri,<br \/>\npedaqogika \u00fczr\u0259 f\u0259ls\u0259f\u0259 doktoru (Az\u0259rbaycan)<\/p>\n<p>&nbsp;<\/p>\n<p>&nbsp;<\/p>\n","protected":false},"excerpt":{"rendered":"<p>BEYN\u018fLXALQ REDAKS\u0130YA HEY\u018fT\u0130 Zahid Oruc STM \u0130dar\u0259 Hey\u0259tinin s\u0259dri\u00a0 (Az\u0259rbaycan) Mustafa \u015e\u0259ntop T\u00fcrkiy\u0259 B\u00f6y\u00fck Mill\u0259t M\u0259clisinin s\u0259dri, iqtisad elml\u0259ri doktoru, professor (T\u00fcrkiy\u0259) Rafiq \u018fliyev AMEA-n\u0131n m\u00fcxbir \u00fczv\u00fc, Az\u0259rbaycan D\u00f6vl\u0259t Neft v\u0259 S\u0259naye Universitetin\u0131n proqram direktoru, &#8220;Zad\u0259 irsi v\u0259 s\u00fcni intellekt&#8221; Assosiasiyas\u0131n\u0131n prezidenti (Az\u0259rbaycan) Urxan \u018fl\u0259kb\u0259rov AMEA-n\u0131n akademiki (Az\u0259rbaycan) A\u011famal\u0131 M\u0259mm\u0259dov sosiologiya elml\u0259ri doktoru, professor, M.V. [&hellip;]<\/p>\n","protected":false},"author":1,"featured_media":0,"parent":0,"menu_order":0,"comment_status":"closed","ping_status":"closed","template":"","meta":{"footnotes":""},"class_list":["post-302","page","type-page","status-publish","hentry"],"_links":{"self":[{"href":"https:\/\/socialresearchjournal.az\/index.php\/wp-json\/wp\/v2\/pages\/302","targetHints":{"allow":["GET"]}}],"collection":[{"href":"https:\/\/socialresearchjournal.az\/index.php\/wp-json\/wp\/v2\/pages"}],"about":[{"href":"https:\/\/socialresearchjournal.az\/index.php\/wp-json\/wp\/v2\/types\/page"}],"author":[{"embeddable":true,"href":"https:\/\/socialresearchjournal.az\/index.php\/wp-json\/wp\/v2\/users\/1"}],"replies":[{"embeddable":true,"href":"https:\/\/socialresearchjournal.az\/index.php\/wp-json\/wp\/v2\/comments?post=302"}],"version-history":[{"count":5,"href":"https:\/\/socialresearchjournal.az\/index.php\/wp-json\/wp\/v2\/pages\/302\/revisions"}],"predecessor-version":[{"id":350,"href":"https:\/\/socialresearchjournal.az\/index.php\/wp-json\/wp\/v2\/pages\/302\/revisions\/350"}],"wp:attachment":[{"href":"https:\/\/socialresearchjournal.az\/index.php\/wp-json\/wp\/v2\/media?parent=302"}],"curies":[{"name":"wp","href":"https:\/\/api.w.org\/{rel}","templated":true}]}}