{"id":46,"date":"2021-05-06T10:28:16","date_gmt":"2021-05-06T06:28:16","guid":{"rendered":"https:\/\/socialresearchjournal.az\/?page_id=46"},"modified":"2024-02-09T17:51:28","modified_gmt":"2024-02-09T13:51:28","slug":"jurnal-haqqinda","status":"publish","type":"page","link":"https:\/\/socialresearchjournal.az\/index.php\/jurnal-haqqinda\/","title":{"rendered":"Jurnal haqq\u0131nda"},"content":{"rendered":"<p><strong>\u00a0<\/strong>\u201cSosial t\u0259dqiqatlar\u201d jurnal\u0131 (STJ) 2019-cu ild\u0259 Sosial T\u0259dqiqatlar M\u0259rk\u0259zi t\u0259r\u0259find\u0259n t\u0259sis edilmi\u015fdir. 06 avqust 2019-cu il tarixind\u0259 Az\u0259rbaycan Respublikas\u0131n\u0131n \u018fdliyy\u0259 Nazirliyind\u0259 4248 n\u00f6mr\u0259si il\u0259 m\u0259tbu n\u0259\u015frl\u0259rin reyestrin\u0259 daxil edilmi\u015fdir.<\/p>\n<p>2021-ci ilin mart ay\u0131nda m\u0259rk\u0259zi Fransan\u0131n Paris \u015f\u0259h\u0259rind\u0259 yerl\u0259\u015f\u0259n Beyn\u0259lxalq Serial N\u0259\u015frl\u0259rin Qeydiyyat\u0131 M\u0259rk\u0259zi t\u0259r\u0259find\u0259n \u201cSosial t\u0259dqiqatlar\u201d jurnal\u0131na Beyn\u0259lxalq Standart Seriya N\u00f6mr\u0259si (ISSN 2788-8789) verilmi\u015fdir.<\/p>\n<p>Jurnalda \u0259sas\u0259n sosiologiya, psixologiya, iqtisadiyyat, siyas\u0259t, h\u00fcquq v\u0259 f\u0259ls\u0259f\u0259 kimi ictimai v\u0259 humanitar elm sah\u0259l\u0259rinin \u00fcmumkonseptual m\u0259s\u0259l\u0259l\u0259rini elmi-metodoloji c\u0259h\u0259td\u0259n ifad\u0259 ed\u0259n, m\u00fc\u0259llifl\u0259rin yeni ideya v\u0259 yana\u015fmalar\u0131n\u0131 \u0259ks etdir\u0259n elmi-analitik m\u0259qal\u0259l\u0259rin, yeni n\u0259\u015frl\u0259r\u0259 dair diskussiya m\u0259zmunlu r\u0259y v\u0259 \u015f\u0259rhl\u0259rin d\u0259rcin\u0259 \u00fcst\u00fcnl\u00fck verilir.<\/p>\n<p>M\u00fcst\u0259qil, resenziyal\u0131, elmi n\u0259\u015frdir. \u0130l \u0259rzind\u0259 4 say\u0131 \u00e7ap edilir.<\/p>\n<p>Jurnal\u0131n n\u00fcsx\u0259l\u0259ri kitabxanalara, beyn\u0259lxalq indeks t\u0259\u015fkilatlar\u0131na, abun\u0259\u00e7il\u0259r\u0259 v\u0259 m\u0259qal\u0259 m\u00fc\u0259llifl\u0259rin\u0259 \u00e7ap olunduqdan sonrak\u0131 bir ay \u0259rzind\u0259 g\u00f6nd\u0259rilir.<\/p>\n<p>Az\u0259rbaycan, t\u00fcrk, ingilis v\u0259 rus dill\u0259rind\u0259 m\u0259qal\u0259l\u0259r d\u0259rc edilir.<\/p>\n","protected":false},"excerpt":{"rendered":"<p>\u00a0\u201cSosial t\u0259dqiqatlar\u201d jurnal\u0131 (STJ) 2019-cu ild\u0259 Sosial T\u0259dqiqatlar M\u0259rk\u0259zi t\u0259r\u0259find\u0259n t\u0259sis edilmi\u015fdir. 06 avqust 2019-cu il tarixind\u0259 Az\u0259rbaycan Respublikas\u0131n\u0131n \u018fdliyy\u0259 Nazirliyind\u0259 4248 n\u00f6mr\u0259si il\u0259 m\u0259tbu n\u0259\u015frl\u0259rin reyestrin\u0259 daxil edilmi\u015fdir. 2021-ci ilin mart ay\u0131nda m\u0259rk\u0259zi Fransan\u0131n Paris \u015f\u0259h\u0259rind\u0259 yerl\u0259\u015f\u0259n Beyn\u0259lxalq Serial N\u0259\u015frl\u0259rin Qeydiyyat\u0131 M\u0259rk\u0259zi t\u0259r\u0259find\u0259n \u201cSosial t\u0259dqiqatlar\u201d jurnal\u0131na Beyn\u0259lxalq Standart Seriya N\u00f6mr\u0259si (ISSN 2788-8789) verilmi\u015fdir. Jurnalda [&hellip;]<\/p>\n","protected":false},"author":1,"featured_media":0,"parent":0,"menu_order":0,"comment_status":"closed","ping_status":"closed","template":"","meta":{"footnotes":""},"class_list":["post-46","page","type-page","status-publish","hentry"],"_links":{"self":[{"href":"https:\/\/socialresearchjournal.az\/index.php\/wp-json\/wp\/v2\/pages\/46","targetHints":{"allow":["GET"]}}],"collection":[{"href":"https:\/\/socialresearchjournal.az\/index.php\/wp-json\/wp\/v2\/pages"}],"about":[{"href":"https:\/\/socialresearchjournal.az\/index.php\/wp-json\/wp\/v2\/types\/page"}],"author":[{"embeddable":true,"href":"https:\/\/socialresearchjournal.az\/index.php\/wp-json\/wp\/v2\/users\/1"}],"replies":[{"embeddable":true,"href":"https:\/\/socialresearchjournal.az\/index.php\/wp-json\/wp\/v2\/comments?post=46"}],"version-history":[{"count":4,"href":"https:\/\/socialresearchjournal.az\/index.php\/wp-json\/wp\/v2\/pages\/46\/revisions"}],"predecessor-version":[{"id":1000,"href":"https:\/\/socialresearchjournal.az\/index.php\/wp-json\/wp\/v2\/pages\/46\/revisions\/1000"}],"wp:attachment":[{"href":"https:\/\/socialresearchjournal.az\/index.php\/wp-json\/wp\/v2\/media?parent=46"}],"curies":[{"name":"wp","href":"https:\/\/api.w.org\/{rel}","templated":true}]}}