{"id":50,"date":"2021-05-06T10:28:55","date_gmt":"2021-05-06T06:28:55","guid":{"rendered":"https:\/\/socialresearchjournal.az\/?page_id=50"},"modified":"2022-11-28T15:37:54","modified_gmt":"2022-11-28T11:37:54","slug":"bas-redaktordan","status":"publish","type":"page","link":"https:\/\/socialresearchjournal.az\/index.php\/bas-redaktordan\/","title":{"rendered":"Ba\u015f redaktordan"},"content":{"rendered":"<p style=\"text-align: justify;\"><strong><em>H\u00f6rm\u0259tli oxucular!<\/em><\/strong><\/p>\n<p style=\"text-align: justify;\"><strong><em>\u00a0<\/em><\/strong>\u201cSosial t\u0259dqiqatlar\u201d jurnal\u0131 Sosial T\u0259dqiqatlar M\u0259rk\u0259zi (STM) t\u0259r\u0259find\u0259n t\u0259sis v\u0259 n\u0259\u015fr edilir.<\/p>\n<p style=\"text-align: justify;\">Jurnal\u0131n missiyas\u0131 \u00e7ox\u015fax\u0259lidir. \u201cSosial t\u0259dqiqatlar\u201d ilk n\u00f6vb\u0259d\u0259 akademik-elmi t\u0259yinatl\u0131, analitik elmi-t\u0259dqiqat jurnal\u0131d\u0131r. Az\u0259rbaycandan v\u0259 ba\u015fqa \u00f6lk\u0259l\u0259rd\u0259n olan t\u0259dqiqat\u00e7\u0131lara \u00f6z elmi bax\u0131\u015f, m\u00f6vqe v\u0259 t\u0259hlill\u0259rinin n\u0259tic\u0259l\u0259rinin d\u0259rc edilm\u0259si \u00fc\u00e7\u00fcn beyn\u0259lxalq bir platforman\u0131n formala\u015fd\u0131r\u0131lmas\u0131n\u0131 n\u0259z\u0259rd\u0259 tutur.<\/p>\n<p style=\"text-align: justify;\">Jurnal bu bax\u0131mdan yerli alim, ekspert v\u0259 m\u00fct\u0259x\u0259ssisl\u0259rin sosial t\u0259dqiqatlar\u0131n\u0131 beyn\u0259lxalq elm m\u0259kan\u0131na, el\u0259c\u0259 d\u0259 xarici m\u00fc\u0259llifl\u0259rin \u0259n yeni t\u0259hlill\u0259rinin Az\u0259rbaycan\u0131n sosial t\u0259dqiqatlar kontekstin\u0259 inteqrasiya etm\u0259sini diqq\u0259t m\u0259rk\u0259zind\u0259 saxlay\u0131r.<\/p>\n<p style=\"text-align: justify;\">Jurnalda ictimai v\u0259 humanitar elm sah\u0259l\u0259rind\u0259 \u00fcmumi probleml\u0259rin birg\u0259 ara\u015fd\u0131r\u0131lmas\u0131na imkan ver\u0259n, elml\u0259raras\u0131-interdissiplinar probleml\u0259rin t\u0259dqiqin\u0259, yeni sintez metodlar\u0131n i\u015f\u0131qland\u0131r\u0131lmas\u0131na \u00f6n\u0259m verilir.<\/p>\n<p style=\"text-align: justify;\">STM yarand\u0131\u011f\u0131 q\u0131sa m\u00fcdd\u0259td\u0259 bir \u00e7ox beyn\u0259lxalq t\u0259r\u0259fda\u015flarla \u0259m\u0259kda\u015fl\u0131q \u0259laq\u0259l\u0259ri qurma\u011fa nail olub. Bu bax\u0131mdan jurnalda t\u0259r\u0259fda\u015flar\u0131m\u0131z\u0131n da t\u0259msil olundu\u011fu, yerli v\u0259 beyn\u0259lxalq aliml\u0259rd\u0259n ibar\u0259t beyn\u0259lxalq redaksiya hey\u0259ti formala\u015f\u0131b.<\/p>\n<p style=\"text-align: justify;\">Jurnalda d\u0259rc edil\u0259c\u0259k materiallar\u0131n m\u00f6vzular\u0131 ictimai v\u0259 humanitar elml\u0259rin geni\u015f spektrini \u0259hat\u0259 ed\u0259c\u0259k. \u018fsas ba\u015fl\u0131q-rubrikalar STM-in Nizamnam\u0259sind\u0259 m\u00fc\u0259yy\u0259n edil\u0259n social t\u0259dqiqatlar\u0131n n\u0259z\u0259riyy\u0259sin\u0259, metodlar\u0131na v\u0259 metodologiyas\u0131na, d\u00f6vl\u0259tl\u0259 c\u0259miyy\u0259tin qar\u015f\u0131l\u0131ql\u0131 \u0259laq\u0259si m\u0259s\u0259l\u0259l\u0259rin\u0259, sosial diaqnostikaya h\u0259sr olunur.<\/p>\n<p style=\"text-align: justify;\">Jurnalda m\u00fcasir c\u0259miyy\u0259tin inki\u015faf\u0131n\u0131n aktual sosial prosesl\u0259rinin &#8211; d\u00f6vl\u0259t-v\u0259t\u0259nda\u015f m\u00fcnasib\u0259tl\u0259rinin, sosial islahatlar strategiyas\u0131n\u0131n, ictimai-siyasi, h\u00fcquqi, sosial-iqtisadi probleml\u0259rin, h\u0259rbi, m\u0259d\u0259ni, milli maraqlarla ba\u011fl\u0131 olan qlobal v\u0259 regional prosesl\u0259rin, habel\u0259 \u00f6lk\u0259d\u0259 sosial i\u015f, elm v\u0259 t\u0259hsil sah\u0259sind\u0259 ged\u0259n prosesl\u0259rin, etnosiyasi, dini m\u00fcnasib\u0259tl\u0259rin, demoqrafik v\u0259 ekoloji siyas\u0259t, g\u0259ncl\u0259r siyas\u0259ti, kadr v\u0259 d\u00f6vl\u0259t idar\u0259\u00e7iliyinin social aspektl\u0259rinin ara\u015fd\u0131r\u0131lmas\u0131, sosial v\u0259 siyasi psixologiya elminin, sosioloji sor\u011fular \u0259sas\u0131nda ictimai r\u0259yin, c\u0259miyy\u0259td\u0259 apar\u0131c\u0131 trendl\u0259rin \u00f6yr\u0259nilm\u0259si il\u0259 ba\u011fl\u0131 t\u0259hlill\u0259r d\u0259rc edil\u0259c\u0259k \u0259sas m\u00f6vzular s\u0131ras\u0131ndad\u0131r.<\/p>\n<p style=\"text-align: justify;\">Nisb\u0259t\u0259n yeni say\u0131lan elmi istiqam\u0259tl\u0259r &#8211; sosial \u015f\u0259b\u0259k\u0259l\u0259rin v\u0259 m\u00fcasir informasiya texnologiyalar\u0131n\u0131n t\u0259hlili, elm v\u0259 texnologiyan\u0131n t\u0259dqiqi, (elm v\u0259 texnologiya ara\u015fd\u0131rmalar\u0131 (STS &#8211; Science And Technology Studies), m\u00fcqayis\u0259li (komparativ) sosiologiya kimi sah\u0259l\u0259r daxil olmaqla sosial-humanitar t\u0259dqiqatlar\u0131n \u0259n dinamik inki\u015faf ed\u0259n sah\u0259l\u0259ri d\u0259 \u00f6n\u0259m veril\u0259n prioritetl\u0259r s\u0131ras\u0131ndad\u0131r.<\/p>\n<p style=\"text-align: justify;\"><strong><em>D\u0259y\u0259rli oxucular!<\/em><\/strong><\/p>\n<p style=\"text-align: justify;\"><strong><em>\u00a0<\/em><\/strong>Jurnal\u0131m\u0131z\u0131n h\u0259d\u0259f auditoriyas\u0131 kimi lokal v\u0259 qlobal miqyas daxil olmaqla m\u00fcasir c\u0259miyy\u0259tin ictimai-humanitar probleml\u0259rini n\u0259z\u0259ri v\u0259 empiric s\u0259viyy\u0259d\u0259 ara\u015fd\u0131ran t\u0259dqiqat\u00e7\u0131, alim, ekspert v\u0259 m\u00fct\u0259x\u0259ssisl\u0259rin \u0259hat\u0259 olunmas\u0131 n\u0259z\u0259rd\u0259 tutulub. Bununla b\u0259rab\u0259r, \u201cSosial t\u0259dqiqatlar\u201d jurnal\u0131n\u0131n t\u0259hlill\u0259ri d\u00f6vl\u0259t v\u0259 ictimai t\u0259\u015fkilatlar\u0131n, kommersiya strukturlar\u0131n\u0131n sosioloji v\u0259 informasiya-analitik xidm\u0259tl\u0259rd\u0259 \u00e7al\u0131\u015fan auditoriyas\u0131na da eyni d\u0259r\u0259c\u0259d\u0259 \u00fcnvanlan\u0131r. H\u0259m\u00e7inin, jurnal social v\u0259 humanitar profilli doktorant v\u0259 aspirantlara, c\u0259miyy\u0259tin inki\u015faf\u0131 v\u0259 f\u0259aliyy\u0259tinin sosial probleml\u0259rinin geni\u015f spektri il\u0259 maraqlanan, faydalanmaq ist\u0259y\u0259n h\u0259r k\u0259s\u0259 y\u00f6n\u0259ldilmi\u015fdir.<\/p>\n<p style=\"text-align: justify;\">Jurnal h\u0259m d\u0259 sosial t\u0259dqiqatlar sah\u0259sind\u0259 yeni fikirl\u0259rin, yana\u015fmalar\u0131n, m\u0259lumatlar\u0131n m\u00fczakir\u0259si \u00fc\u00e7\u00fcn a\u00e7\u0131q bir platforma olmaq imkan\u0131d\u0131r. Redaksiya Hey\u0259ti \u201cM\u00fczakir\u0259-Polemika\u201d, \u201cSosial publisistika \u201c, \u201c\u00d6z\u0259l bax\u0131\u015f\u201d, \u201cSosial kommunikasiya\u201d v\u0259 s. ba\u015fl\u0131qlarla Az\u0259rbaycanda m\u00fcasir t\u0259dqiqat\u00e7\u0131 v\u0259 sosioloqlar\u0131n yeti\u015fdirilm\u0259sinin aktual, d\u00fcnya il\u0259 m\u00fcqayis\u0259li m\u0259s\u0259l\u0259l\u0259rini prioritet m\u0259s\u0259l\u0259 hesab edir.<\/p>\n<p style=\"text-align: justify;\">\u201cSosial t\u0259dqiqatlar\u201d jurnal\u0131 bu sah\u0259 il\u0259 ba\u011fl\u0131 ist\u0259nil\u0259n innovativ fikir v\u0259 t\u0259klifl\u0259r \u00fc\u00e7\u00fcn a\u00e7\u0131qd\u0131r.<\/p>\n<p style=\"text-align: justify;\">\u00dcmid edirik ki, \u201cSosial t\u0259dqiqatlar\u201d jurnal\u0131 ictimai v\u0259 humanitar elm sah\u0259l\u0259rind\u0259 elmi t\u0259dqiqatlar\u0131n canlanmas\u0131 v\u0259 keyfiyy\u0259tli m\u0259zmun k\u0259sb\u00a0 etm\u0259sind\u0259, ekspertl\u0259r v\u0259 geni\u015f oxucu k\u00fctl\u0259si aras\u0131nda \u0259m\u0259li vasit\u0259\u00e7i statusunu qazana bil\u0259c\u0259k. T\u0259dqiqat\u00e7\u0131 dostlar\u0131 jurnal\u0131n Redaksiya Hey\u0259ti ad\u0131ndan \u0259m\u0259kda\u015fl\u0131\u011fa v\u0259 jurnalda elmi m\u00fc\u0259llif m\u0259qal\u0259l\u0259ri il\u0259 \u00e7\u0131x\u0131\u015f etm\u0259y\u0259 d\u0259v\u0259t edirik.<\/p>\n<p style=\"text-align: justify;\"><strong>Zahid ORUC<\/strong><\/p>\n<p style=\"text-align: justify;\"><em>Sosial T\u0259dqiqatlar M\u0259rk\u0259zi \u0130dar\u0259 Hey\u0259tinin s\u0259dri,<br \/>\n<\/em><em>\u201cSosial t\u0259dqiqatlar\u201d jurnal\u0131 Beyn\u0259lxalq Redaksiya Hey\u0259tinin s\u0259dri<\/em><\/p>\n","protected":false},"excerpt":{"rendered":"<p>H\u00f6rm\u0259tli oxucular! \u00a0\u201cSosial t\u0259dqiqatlar\u201d jurnal\u0131 Sosial T\u0259dqiqatlar M\u0259rk\u0259zi (STM) t\u0259r\u0259find\u0259n t\u0259sis v\u0259 n\u0259\u015fr edilir. Jurnal\u0131n missiyas\u0131 \u00e7ox\u015fax\u0259lidir. \u201cSosial t\u0259dqiqatlar\u201d ilk n\u00f6vb\u0259d\u0259 akademik-elmi t\u0259yinatl\u0131, analitik elmi-t\u0259dqiqat jurnal\u0131d\u0131r. Az\u0259rbaycandan v\u0259 ba\u015fqa \u00f6lk\u0259l\u0259rd\u0259n olan t\u0259dqiqat\u00e7\u0131lara \u00f6z elmi bax\u0131\u015f, m\u00f6vqe v\u0259 t\u0259hlill\u0259rinin n\u0259tic\u0259l\u0259rinin d\u0259rc edilm\u0259si \u00fc\u00e7\u00fcn beyn\u0259lxalq bir platforman\u0131n formala\u015fd\u0131r\u0131lmas\u0131n\u0131 n\u0259z\u0259rd\u0259 tutur. Jurnal bu bax\u0131mdan yerli alim, ekspert v\u0259 [&hellip;]<\/p>\n","protected":false},"author":1,"featured_media":0,"parent":0,"menu_order":0,"comment_status":"closed","ping_status":"closed","template":"","meta":{"footnotes":""},"class_list":["post-50","page","type-page","status-publish","hentry"],"_links":{"self":[{"href":"https:\/\/socialresearchjournal.az\/index.php\/wp-json\/wp\/v2\/pages\/50","targetHints":{"allow":["GET"]}}],"collection":[{"href":"https:\/\/socialresearchjournal.az\/index.php\/wp-json\/wp\/v2\/pages"}],"about":[{"href":"https:\/\/socialresearchjournal.az\/index.php\/wp-json\/wp\/v2\/types\/page"}],"author":[{"embeddable":true,"href":"https:\/\/socialresearchjournal.az\/index.php\/wp-json\/wp\/v2\/users\/1"}],"replies":[{"embeddable":true,"href":"https:\/\/socialresearchjournal.az\/index.php\/wp-json\/wp\/v2\/comments?post=50"}],"version-history":[{"count":15,"href":"https:\/\/socialresearchjournal.az\/index.php\/wp-json\/wp\/v2\/pages\/50\/revisions"}],"predecessor-version":[{"id":745,"href":"https:\/\/socialresearchjournal.az\/index.php\/wp-json\/wp\/v2\/pages\/50\/revisions\/745"}],"wp:attachment":[{"href":"https:\/\/socialresearchjournal.az\/index.php\/wp-json\/wp\/v2\/media?parent=50"}],"curies":[{"name":"wp","href":"https:\/\/api.w.org\/{rel}","templated":true}]}}