{"id":71,"date":"2021-05-06T10:35:04","date_gmt":"2021-05-06T06:35:04","guid":{"rendered":"https:\/\/socialresearchjournal.az\/?page_id=71"},"modified":"2022-10-13T14:58:46","modified_gmt":"2022-10-13T10:58:46","slug":"alaqa","status":"publish","type":"page","link":"https:\/\/socialresearchjournal.az\/index.php\/alaqa\/","title":{"rendered":"\u018flaq\u0259"},"content":{"rendered":"<p><span style=\"font-family: arial, helvetica, sans-serif;\"><strong>Redaksiyan\u0131n \u00fcnvan\u0131<\/strong><strong>:<\/strong><\/span><\/p>\n<p><span style=\"font-family: arial, helvetica, sans-serif;\"> Az\u0259rbaycan Respublikas\u0131,<br \/>\nAZ 1073, Bak\u0131 \u015f\u0259h\u0259ri, Yasamal rayonu, \u0130smay\u0131l b\u0259y Qutqa\u015f\u0131nl\u0131 k\u00fc\u00e7\u0259si, 18.<br \/>\n<\/span><span style=\"font-family: arial, helvetica, sans-serif;\">Sosial T\u0259dqiqatlar\u00a0 M\u0259rk\u0259zi.<\/span><\/p>\n<p><span style=\"font-family: arial, helvetica, sans-serif;\"><strong>\u00a0<\/strong><strong>\u018fl\u0259q\u0259 telefonlar\u0131<\/strong><strong>:<\/strong><\/span><\/p>\n<p><span style=\"font-family: arial, helvetica, sans-serif;\">(012) 510-70-78\u00a0<\/span><\/p>\n","protected":false},"excerpt":{"rendered":"<p>Redaksiyan\u0131n \u00fcnvan\u0131: Az\u0259rbaycan Respublikas\u0131, AZ 1073, Bak\u0131 \u015f\u0259h\u0259ri, Yasamal rayonu, \u0130smay\u0131l b\u0259y Qutqa\u015f\u0131nl\u0131 k\u00fc\u00e7\u0259si, 18. Sosial T\u0259dqiqatlar\u00a0 M\u0259rk\u0259zi. \u00a0\u018fl\u0259q\u0259 telefonlar\u0131: (012) 510-70-78\u00a0<\/p>\n","protected":false},"author":1,"featured_media":0,"parent":0,"menu_order":0,"comment_status":"closed","ping_status":"closed","template":"","meta":{"footnotes":""},"class_list":["post-71","page","type-page","status-publish","hentry"],"_links":{"self":[{"href":"https:\/\/socialresearchjournal.az\/index.php\/wp-json\/wp\/v2\/pages\/71","targetHints":{"allow":["GET"]}}],"collection":[{"href":"https:\/\/socialresearchjournal.az\/index.php\/wp-json\/wp\/v2\/pages"}],"about":[{"href":"https:\/\/socialresearchjournal.az\/index.php\/wp-json\/wp\/v2\/types\/page"}],"author":[{"embeddable":true,"href":"https:\/\/socialresearchjournal.az\/index.php\/wp-json\/wp\/v2\/users\/1"}],"replies":[{"embeddable":true,"href":"https:\/\/socialresearchjournal.az\/index.php\/wp-json\/wp\/v2\/comments?post=71"}],"version-history":[{"count":4,"href":"https:\/\/socialresearchjournal.az\/index.php\/wp-json\/wp\/v2\/pages\/71\/revisions"}],"predecessor-version":[{"id":372,"href":"https:\/\/socialresearchjournal.az\/index.php\/wp-json\/wp\/v2\/pages\/71\/revisions\/372"}],"wp:attachment":[{"href":"https:\/\/socialresearchjournal.az\/index.php\/wp-json\/wp\/v2\/media?parent=71"}],"curies":[{"name":"wp","href":"https:\/\/api.w.org\/{rel}","templated":true}]}}